{"id":29,"date":"2017-11-20T23:43:34","date_gmt":"2017-11-20T22:43:34","guid":{"rendered":"http:\/\/szik.umk.pl\/en\/?page_id=29"},"modified":"2023-12-29T13:51:48","modified_gmt":"2023-12-29T12:51:48","slug":"tom-current","status":"publish","type":"page","link":"https:\/\/szik.umk.pl\/en\/tom-current\/","title":{"rendered":"Current volume"},"content":{"rendered":"<p><strong><img loading=\"lazy\" decoding=\"async\" class=\"alignleft size-medium wp-image-147\" src=\"https:\/\/szik.umk.pl\/en\/wp-content\/uploads\/2023\/12\/szik-6-cover-205x300.jpg\" alt=\"\" width=\"205\" height=\"300\" srcset=\"https:\/\/szik.umk.pl\/en\/wp-content\/uploads\/2023\/12\/szik-6-cover-205x300.jpg 205w, https:\/\/szik.umk.pl\/en\/wp-content\/uploads\/2023\/12\/szik-6-cover-699x1024.jpg 699w, https:\/\/szik.umk.pl\/en\/wp-content\/uploads\/2023\/12\/szik-6-cover-768x1125.jpg 768w, https:\/\/szik.umk.pl\/en\/wp-content\/uploads\/2023\/12\/szik-6-cover.jpg 819w\" sizes=\"auto, (max-width: 205px) 100vw, 205px\" \/>\u201eSztuka i Kultura\u201d, vol. 6, 2019-2022<\/strong><\/p>\n<p>Przemys\u0142aw Waszak, <em>Local and supra-regional significance of Romanesque sculpture and its place in art history \u2013 the example of bas-reliefs from a church in Inowroc\u0142aw<\/em>, pp. 9-51 <a href=\"https:\/\/apcz.umk.pl\/SziK\/article\/view\/47480\/37186\">[PDF]<\/a><\/p>\n<p>Ryszard M\u0105czy\u0144ski, <em>The Pozna\u0144 Guardhouse from the 18 th century: history \u2013 architecture \u2013 authorship<\/em>, pp. 53-99 <a href=\"https:\/\/apcz.umk.pl\/SziK\/article\/view\/47482\/37187\">[PDF]<\/a><\/p>\n<p>Karolina Osi\u0144ska, The position of an artwork and an institution of art in the age of social media: Zach\u0119ta and Cosmos Muzeum, pp. 101-206 <a href=\"https:\/\/apcz.umk.pl\/SziK\/article\/view\/47483\/37188\">[PDF]<\/a><\/p>\n<p><em>Notes\u00a0on the Authors<\/em>, p. 207 <a href=\"https:\/\/apcz.umk.pl\/SziK\/issue\/view\/2712\/556\">[PDF]<\/a><\/p>\n","protected":false},"excerpt":{"rendered":"<p>\u201eSztuka i Kultura\u201d, vol. 6, 2019-2022 Przemys\u0142aw Waszak, Local and supra-regional significance of Romanesque sculpture and its place in art history \u2013 the example of bas-reliefs from a church in Inowroc\u0142aw, pp. 9-51 [PDF] Ryszard M\u0105czy\u0144ski, The Pozna\u0144 Guardhouse from the 18 th century: history \u2013 architecture \u2013 authorship, pp. 53-99 [PDF] Karolina Osi\u0144ska, The <a href=\"https:\/\/szik.umk.pl\/en\/tom-current\/\" rel=\"nofollow\"><span class=\"sr-only\">Read more about Current volume<\/span>[&hellip;]<\/a><\/p>\n","protected":false},"author":1,"featured_media":0,"parent":0,"menu_order":0,"comment_status":"closed","ping_status":"closed","template":"","meta":{"footnotes":"","_links_to":"","_links_to_target":""},"class_list":["post-29","page","type-page","status-publish","hentry"],"_links":{"self":[{"href":"https:\/\/szik.umk.pl\/en\/wp-json\/wp\/v2\/pages\/29","targetHints":{"allow":["GET"]}}],"collection":[{"href":"https:\/\/szik.umk.pl\/en\/wp-json\/wp\/v2\/pages"}],"about":[{"href":"https:\/\/szik.umk.pl\/en\/wp-json\/wp\/v2\/types\/page"}],"author":[{"embeddable":true,"href":"https:\/\/szik.umk.pl\/en\/wp-json\/wp\/v2\/users\/1"}],"replies":[{"embeddable":true,"href":"https:\/\/szik.umk.pl\/en\/wp-json\/wp\/v2\/comments?post=29"}],"version-history":[{"count":15,"href":"https:\/\/szik.umk.pl\/en\/wp-json\/wp\/v2\/pages\/29\/revisions"}],"predecessor-version":[{"id":150,"href":"https:\/\/szik.umk.pl\/en\/wp-json\/wp\/v2\/pages\/29\/revisions\/150"}],"wp:attachment":[{"href":"https:\/\/szik.umk.pl\/en\/wp-json\/wp\/v2\/media?parent=29"}],"curies":[{"name":"wp","href":"https:\/\/api.w.org\/{rel}","templated":true}]}}