{"id":20,"date":"2017-11-20T23:42:29","date_gmt":"2017-11-20T22:42:29","guid":{"rendered":"http:\/\/szik.umk.pl\/en\/?page_id=20"},"modified":"2023-03-31T09:59:06","modified_gmt":"2023-03-31T07:59:06","slug":"contact","status":"publish","type":"page","link":"https:\/\/szik.umk.pl\/en\/contact\/","title":{"rendered":"Contact"},"content":{"rendered":"<p>&nbsp;<\/p>\n<p><strong>Mailing Address:<\/strong><\/p>\n<p>\u201eSztuka i Kultura\u201d<br \/>\nKatedra Historii Sztuki i Kultury, Wydzia\u0142 Sztuk Pi\u0119knych UMK<br \/>\nul. Sienkiewicza 30\/32, 87-100 Toru\u0144, Poland\/Polska<br \/>\ntel\/fax: +48 (56) 611 37 61<br \/>\ne-mail: <a href=\"mailto:sztukaikultura.umk@gmail.com\">sztukaikultura.umk@gmail.com<\/a><\/p>\n<p><strong>Editor-in-Chief:<\/strong><\/p>\n<p>Ryszard M\u0105czy\u0144ski<br \/>\ne-mail: <a href=\"mailto:r_maczynski@poczta.onet.pl\">r_maczynski@poczta.onet.pl<\/a><\/p>\n<p><strong>Secretary:<\/strong><\/p>\n<p>Przemys\u0142aw Waszak<br \/>\ne-mail: <a href=\"mailto:przemaxw@poczta.onet.pl\">przemaxw@poczta.onet.pl<\/a><\/p>\n","protected":false},"excerpt":{"rendered":"<p>&nbsp; Mailing Address: \u201eSztuka i Kultura\u201d Katedra Historii Sztuki i Kultury, Wydzia\u0142 Sztuk Pi\u0119knych UMK ul. Sienkiewicza 30\/32, 87-100 Toru\u0144, Poland\/Polska tel\/fax: +48 (56) 611 37 61 e-mail: sztukaikultura.umk@gmail.com Editor-in-Chief: Ryszard M\u0105czy\u0144ski e-mail: r_maczynski@poczta.onet.pl Secretary: Przemys\u0142aw Waszak e-mail: przemaxw@poczta.onet.pl<\/p>\n","protected":false},"author":1,"featured_media":0,"parent":0,"menu_order":0,"comment_status":"closed","ping_status":"closed","template":"","meta":{"footnotes":"","_links_to":"","_links_to_target":""},"class_list":["post-20","page","type-page","status-publish","hentry"],"_links":{"self":[{"href":"https:\/\/szik.umk.pl\/en\/wp-json\/wp\/v2\/pages\/20","targetHints":{"allow":["GET"]}}],"collection":[{"href":"https:\/\/szik.umk.pl\/en\/wp-json\/wp\/v2\/pages"}],"about":[{"href":"https:\/\/szik.umk.pl\/en\/wp-json\/wp\/v2\/types\/page"}],"author":[{"embeddable":true,"href":"https:\/\/szik.umk.pl\/en\/wp-json\/wp\/v2\/users\/1"}],"replies":[{"embeddable":true,"href":"https:\/\/szik.umk.pl\/en\/wp-json\/wp\/v2\/comments?post=20"}],"version-history":[{"count":4,"href":"https:\/\/szik.umk.pl\/en\/wp-json\/wp\/v2\/pages\/20\/revisions"}],"predecessor-version":[{"id":131,"href":"https:\/\/szik.umk.pl\/en\/wp-json\/wp\/v2\/pages\/20\/revisions\/131"}],"wp:attachment":[{"href":"https:\/\/szik.umk.pl\/en\/wp-json\/wp\/v2\/media?parent=20"}],"curies":[{"name":"wp","href":"https:\/\/api.w.org\/{rel}","templated":true}]}}