{"id":2,"date":"2017-11-20T17:49:45","date_gmt":"2017-11-20T16:49:45","guid":{"rendered":"http:\/\/szik.umk.pl\/en\/?page_id=2"},"modified":"2017-11-23T08:47:34","modified_gmt":"2017-11-23T07:47:34","slug":"przykladowa-strona","status":"publish","type":"page","link":"https:\/\/szik.umk.pl\/en\/","title":{"rendered":"About \u201eSztuka i Kultura\u201d"},"content":{"rendered":"<p style=\"text-align: justify;\">\u201eSztuka i Kultura\u201d jest rocznikiem naukowym Katedry Historii Sztuki i Kultury, samodzielnej jednostki na Wydziale Nauk Historycznych Uniwersytetu Miko\u0142aja Kopernika w Toruniu.<\/p>\n<p style=\"text-align: justify;\">Periodyk ukazuje si\u0119 od roku 2013 w dw\u00f3ch postaciach: tradycyjnej, drukowanej oraz cyfrowej, dost\u0119pnej na Akademickiej Platformie Czasopism. Redaktorem Naczelnym jest dr hab. Ryszard M\u0105czy\u0144ski, prof. UMK, a wydawc\u0105 \u2013 Wydawnictwo Naukowe UMK. Nad wysokim poziomem merytorycznym publikacji czuwa r\u00f3wnie\u017c Rada Redakcyjna (z\u0142o\u017cona z samodzielnych pracownik\u00f3w Katedry), Rada Konsultacyjna (w kt\u00f3rej zasiadaj\u0105 badacze reprezentuj\u0105cy r\u00f3\u017cne o\u015brodki europejskie) oraz Recenzenci.<\/p>\n<p style=\"text-align: justify;\">Tytu\u0142 \u2013 \u201eSztuka i Kultura\u201d \u2013 mia\u0142 swoj\u0105 toru\u0144sk\u0105 tradycj\u0119. Zosta\u0142 niegdy\u015b przyj\u0119ty dla serii wydawniczej, kt\u00f3ra s\u0142u\u017cy\u0142a publikacji materia\u0142\u00f3w z mi\u0119dzynarodowych konferencji, organizowanych przez Katedr\u0119 Historii Sztuki i Kultury UMK w latach 1999\u20132004, z inicjatywy i wedle pomys\u0142u prof. dr. hab. Zygmunta Wa\u017abi\u0144skiego. Owe coroczne spotkania mia\u0142y sprzyja\u0107 umacnianiu wi\u0119z\u00f3w naukowych Torunia z innymi \u015brodowiskami uniwersyteckimi polskimi i zagranicznymi oraz istotnie przyczynia\u0107 si\u0119 do rozwijania bada\u0144 nad sztuk\u0105 nowo\u017cytn\u0105, a w\u0142osk\u0105 w szczeg\u00f3lno\u015bci.<\/p>\n<p style=\"text-align: justify;\">Obecnie w zmienionej formule nowa \u201eSztuka i Kultura\u201d jest naukowym periodykiem, kt\u00f3ry ma odzwierciedla\u0107 w ca\u0142ym bogactwie rozmaito\u015b\u0107 kierunk\u00f3w i tendencji wsp\u00f3\u0142czesnej historii sztuki, ujawniaj\u0105cych si\u0119 poprzez zainteresowania poszczeg\u00f3lnych autor\u00f3w. Nie b\u0119dzie zatem ogranicza\u0107 si\u0119 do jednego problemu, jednego tematu czy jednej epoki, lecz raczej rok po roku prezentowa\u0107 efekty aktualnie prowadzonych i finalizowanych prac badawczych w ca\u0142ej ich r\u00f3\u017cnorodno\u015bci.<\/p>\n<p style=\"text-align: justify;\">Kolejne tomy rocznika \u201eSztuka i Kultura\u201d zawieraj\u0105 artyku\u0142y, kt\u00f3rych autorami s\u0105 przede wszystkim pracownicy, doktoranci i studenci Katedry Historii Sztuki i Kultury UMK. Oczywist\u0105 intencj\u0105 by\u0142o bowiem umo\u017cliwienie zespo\u0142owi os\u00f3b j\u0105 tworz\u0105cych szerokiej prezentacji efekt\u00f3w prowadzonych bada\u0144. Ale te\u017c \u0142amy periodyku s\u0105 otwarte dla wszystkich historyk\u00f3w sztuki i kultury z Polski i z zagranicy, a jedynym kryterium kwalifikuj\u0105cym artyku\u0142y do druku jest ich naukowa donios\u0142o\u015b\u0107. Zapraszamy!<\/p>\n<p style=\"text-align: justify;\">Nale\u017cy wyrazi\u0107 podzi\u0119kowanie Jego Magnificencji Rektorowi Uniwersytetu Miko\u0142aja Kopernika w Toruniu, prof. dr. hab. Andrzejowi Tretynowi, oraz Dziekanom Wydzia\u0142u Nauk Historycznych: prof. dr. hab. Jackowi Gzelli i prof. dr. hab. Stanis\u0142awowi Roszakowi \u2013 za pomy\u015blne dla Katedry Historii Sztuki i Kultury decyzje, kt\u00f3re wspar\u0142y i umo\u017cliwi\u0142y edycj\u0119 \u201eSztuki i Kultury\u201d w rocznikowej formule.<\/p>\n","protected":false},"excerpt":{"rendered":"<p>\u201eSztuka i Kultura\u201d jest rocznikiem naukowym Katedry Historii Sztuki i Kultury, samodzielnej jednostki na Wydziale Nauk Historycznych Uniwersytetu Miko\u0142aja Kopernika w Toruniu. Periodyk ukazuje si\u0119 od roku 2013 w dw\u00f3ch postaciach: tradycyjnej, drukowanej oraz cyfrowej, dost\u0119pnej na Akademickiej Platformie Czasopism. Redaktorem Naczelnym jest dr hab. Ryszard M\u0105czy\u0144ski, prof. UMK, a wydawc\u0105 \u2013 Wydawnictwo Naukowe UMK. <a href=\"https:\/\/szik.umk.pl\/en\/\" rel=\"nofollow\"><span class=\"sr-only\">Read more about About \u201eSztuka i Kultura\u201d<\/span>[&hellip;]<\/a><\/p>\n","protected":false},"author":1,"featured_media":0,"parent":0,"menu_order":0,"comment_status":"closed","ping_status":"open","template":"","meta":{"footnotes":"","_links_to":"","_links_to_target":""},"class_list":["post-2","page","type-page","status-publish","hentry"],"_links":{"self":[{"href":"https:\/\/szik.umk.pl\/en\/wp-json\/wp\/v2\/pages\/2","targetHints":{"allow":["GET"]}}],"collection":[{"href":"https:\/\/szik.umk.pl\/en\/wp-json\/wp\/v2\/pages"}],"about":[{"href":"https:\/\/szik.umk.pl\/en\/wp-json\/wp\/v2\/types\/page"}],"author":[{"embeddable":true,"href":"https:\/\/szik.umk.pl\/en\/wp-json\/wp\/v2\/users\/1"}],"replies":[{"embeddable":true,"href":"https:\/\/szik.umk.pl\/en\/wp-json\/wp\/v2\/comments?post=2"}],"version-history":[{"count":3,"href":"https:\/\/szik.umk.pl\/en\/wp-json\/wp\/v2\/pages\/2\/revisions"}],"predecessor-version":[{"id":61,"href":"https:\/\/szik.umk.pl\/en\/wp-json\/wp\/v2\/pages\/2\/revisions\/61"}],"wp:attachment":[{"href":"https:\/\/szik.umk.pl\/en\/wp-json\/wp\/v2\/media?parent=2"}],"curies":[{"name":"wp","href":"https:\/\/api.w.org\/{rel}","templated":true}]}}