{"id":14,"date":"2017-11-20T23:41:46","date_gmt":"2017-11-20T22:41:46","guid":{"rendered":"http:\/\/szik.umk.pl\/en\/?page_id=14"},"modified":"2023-12-19T20:54:27","modified_gmt":"2023-12-19T19:54:27","slug":"redaktorzy","status":"publish","type":"page","link":"https:\/\/szik.umk.pl\/en\/redaktorzy\/","title":{"rendered":"Editorial Team"},"content":{"rendered":"<p><strong>Editor-in-Chief<\/strong>: Ryszard M\u0105czy\u0144ski<\/p>\n<p><strong>Editorial Board: <\/strong>Anna B\u0142a\u017cejewska, Irena Kossowska, Jan Wiktor Sienkiewicz, Jacek Tylicki<\/p>\n<p><strong>Advisory Board<\/strong>: Krista Kodres (Tallinn), Frits T. Scholten (Amsterdam), Oj\u0101rs Sp\u0101ritis (R\u012bga), Barbara Uppenkamp (Hamburg)<\/p>\n<p><strong>Secretary<\/strong>: Przemys\u0142aw Waszak<\/p>\n<p><strong>List of Reviewers of \u201eSztuka i Kultura\u201d:<\/strong><\/p>\n<p><strong>Vol. 1 (2013):<\/strong> Agnieszka Bender, Krzysztof Stefa\u0144ski<\/p>\n<p><strong>Vol. 2 (2014):<\/strong> Waldemar Deluga, Jerzy Malinowski<\/p>\n<p><strong>Vol. 3 (2015):<\/strong> Eleonora Jedli\u0144ska, Irena Rolska<\/p>\n<p><strong>Vol. 4 (2016):<\/strong> Ewa Letkiewicz, Ma\u0142gorzata Wrze\u015bniak<\/p>\n<p><strong>Vol. 5 (2017\/2018)<\/strong>: Waldemar Deluga, Bohdan Michalski<\/p>\n<p><strong>Vol. 6 (2019-2022)<\/strong>: Agnieszka Bender, Jakub Sito<\/p>\n","protected":false},"excerpt":{"rendered":"<p>Editor-in-Chief: Ryszard M\u0105czy\u0144ski Editorial Board: Anna B\u0142a\u017cejewska, Irena Kossowska, Jan Wiktor Sienkiewicz, Jacek Tylicki Advisory Board: Krista Kodres (Tallinn), Frits T. Scholten (Amsterdam), Oj\u0101rs Sp\u0101ritis (R\u012bga), Barbara Uppenkamp (Hamburg) Secretary: Przemys\u0142aw Waszak List of Reviewers of \u201eSztuka i Kultura\u201d: Vol. 1 (2013): Agnieszka Bender, Krzysztof Stefa\u0144ski Vol. 2 (2014): Waldemar Deluga, Jerzy Malinowski Vol. 3 <a href=\"https:\/\/szik.umk.pl\/en\/redaktorzy\/\" rel=\"nofollow\"><span class=\"sr-only\">Read more about Editorial Team<\/span>[&hellip;]<\/a><\/p>\n","protected":false},"author":1,"featured_media":0,"parent":0,"menu_order":0,"comment_status":"closed","ping_status":"closed","template":"","meta":{"footnotes":"","_links_to":"","_links_to_target":""},"class_list":["post-14","page","type-page","status-publish","hentry"],"_links":{"self":[{"href":"https:\/\/szik.umk.pl\/en\/wp-json\/wp\/v2\/pages\/14","targetHints":{"allow":["GET"]}}],"collection":[{"href":"https:\/\/szik.umk.pl\/en\/wp-json\/wp\/v2\/pages"}],"about":[{"href":"https:\/\/szik.umk.pl\/en\/wp-json\/wp\/v2\/types\/page"}],"author":[{"embeddable":true,"href":"https:\/\/szik.umk.pl\/en\/wp-json\/wp\/v2\/users\/1"}],"replies":[{"embeddable":true,"href":"https:\/\/szik.umk.pl\/en\/wp-json\/wp\/v2\/comments?post=14"}],"version-history":[{"count":5,"href":"https:\/\/szik.umk.pl\/en\/wp-json\/wp\/v2\/pages\/14\/revisions"}],"predecessor-version":[{"id":144,"href":"https:\/\/szik.umk.pl\/en\/wp-json\/wp\/v2\/pages\/14\/revisions\/144"}],"wp:attachment":[{"href":"https:\/\/szik.umk.pl\/en\/wp-json\/wp\/v2\/media?parent=14"}],"curies":[{"name":"wp","href":"https:\/\/api.w.org\/{rel}","templated":true}]}}