{"id":12,"date":"2017-11-20T23:41:19","date_gmt":"2017-11-20T22:41:19","guid":{"rendered":"http:\/\/szik.umk.pl\/en\/?page_id=12"},"modified":"2023-12-19T20:44:41","modified_gmt":"2023-12-19T19:44:41","slug":"tom-arch","status":"publish","type":"page","link":"https:\/\/szik.umk.pl\/en\/tom-arch\/","title":{"rendered":"Archival volumes"},"content":{"rendered":"<p><strong>\u00a0<\/strong><\/p>\n<p><strong><img loading=\"lazy\" decoding=\"async\" class=\"alignleft size-medium wp-image-121\" src=\"https:\/\/szik.umk.pl\/en\/wp-content\/uploads\/2017\/11\/szik5-cover-206x300.jpg\" alt=\"\" width=\"206\" height=\"300\" srcset=\"https:\/\/szik.umk.pl\/en\/wp-content\/uploads\/2017\/11\/szik5-cover-206x300.jpg 206w, https:\/\/szik.umk.pl\/en\/wp-content\/uploads\/2017\/11\/szik5-cover.jpg 550w\" sizes=\"auto, (max-width: 206px) 100vw, 206px\" \/>\u201eSztuka i Kultura\u201d, vol. 5, 2017\/2018<\/strong><\/p>\n<p>Anna B\u0142a\u017cejewska, <em>Gothic sculpture of Crucified Christ from Starogard Gda\u0144ski<\/em>, pp.\u00a09-52 [<a href=\"https:\/\/apcz.umk.pl\/SziK\/article\/view\/36707\/30994\">PDF<\/a>]<\/p>\n<p>Jacek Tylicki, <em>\u201eQueen of Sheba before Solomon\u201d an unknown painting by Stephan Kessler in the National Museum in Warsaw<\/em>, pp. 53-71 [<a href=\"https:\/\/apcz.umk.pl\/SziK\/article\/view\/36708\/30995\">PDF<\/a>]<em><br \/>\n<\/em><\/p>\n<p>Justyna Kowalczyk, <em>Equipment of post Jesuit church of St. Franciszek Ksawery in Grudzi\u0105dz as an example of chinoiserie manner<\/em>, pp. 73-107 [<a href=\"https:\/\/apcz.umk.pl\/SziK\/article\/view\/36709\/30996\">PDF<\/a>]<em><br \/>\n<\/em><\/p>\n<p>Jakub Sito, <em>From the history of the erection of the Palace of the Przebendowski family in Warsaw<\/em>, pp. 109-140 [<a href=\"https:\/\/apcz.umk.pl\/SziK\/article\/view\/36710\/30997\">PDF<\/a>]<em><br \/>\n<\/em><\/p>\n<p>Miros\u0142awa Sobczy\u0144ska-Szczepa\u0144ska, <em>Paintings of the Adoration of the Holy Trinity by St John de Math and St Felix de Valois and St Jude Thaddeus &#8211; forgotten works by Tadeusz Kuntze<\/em>, pp. 141-157 [<a href=\"https:\/\/apcz.umk.pl\/SziK\/article\/view\/36711\/30998\">PDF<\/a>]<\/p>\n<p>Ryszard M\u0105czy\u0144ski, <em>Zawadzki and Kamsetzer \u2013 testimony to the friendship and cooperation of the architects. Reflections on the Tyszkiewicz and Raczy\u0144ski palaces in Warsaw<\/em>, pp. 159-220 [<a href=\"https:\/\/apcz.umk.pl\/SziK\/article\/view\/36712\/30999\">PDF<\/a>]<em><br \/>\n<\/em><\/p>\n<p>Ewa Mostowicz-Kapciak, <em>Sketchbooks of the painter Marcin Zaleski<\/em>, pp. 221-286 [<a href=\"https:\/\/apcz.umk.pl\/SziK\/article\/view\/36713\/31000\">PDF<\/a>]<em><br \/>\n<\/em><\/p>\n<p>Ewa Letkiewicz, <em>Historicism current in the 19th-century European jewellery<\/em>, pp. 287-313 [<a href=\"https:\/\/apcz.umk.pl\/SziK\/article\/view\/36714\/31001\">PDF<\/a>]<em><br \/>\n<\/em><\/p>\n<p>Jan Wiktor Sienkiewicz, B<em>ody of nature \u2013 nature of the body. Jakub Godziszewski&#8217;s painting<\/em>, pp. 315-347 [<a href=\"https:\/\/apcz.umk.pl\/SziK\/article\/view\/36715\/31002\">PDF<\/a>]<em><br \/>\n<\/em><\/p>\n<p>Przemys\u0142aw Waszak, <em>Developmental<\/em> f<em>ormal-ideal sequences within the construction of artistic times by George Kubler<\/em>, pp. 349-366 [<a href=\"https:\/\/apcz.umk.pl\/SziK\/article\/view\/36706\/30993\">PDF<\/a>]<em><br \/>\n<\/em><\/p>\n<p><em>Notes\u00a0on the Authors<\/em>, pp. 367-368 [<a href=\"https:\/\/apcz.umk.pl\/SziK\/article\/view\/36716\/31003\">PDF<\/a>]<\/p>\n<p><strong><img loading=\"lazy\" decoding=\"async\" class=\"size-medium wp-image-116 alignleft\" src=\"http:\/\/szik.umk.pl\/en\/wp-content\/uploads\/2018\/10\/szik4-okladka-206x300.jpg\" alt=\"\" width=\"206\" height=\"300\" srcset=\"https:\/\/szik.umk.pl\/en\/wp-content\/uploads\/2018\/10\/szik4-okladka-206x300.jpg 206w, https:\/\/szik.umk.pl\/en\/wp-content\/uploads\/2018\/10\/szik4-okladka-768x1121.jpg 768w, https:\/\/szik.umk.pl\/en\/wp-content\/uploads\/2018\/10\/szik4-okladka-701x1024.jpg 701w, https:\/\/szik.umk.pl\/en\/wp-content\/uploads\/2018\/10\/szik4-okladka.jpg 1631w\" sizes=\"auto, (max-width: 206px) 100vw, 206px\" \/>\u201eSztuka i Kultura\u201d, vol. 4, 2016:<\/strong><\/p>\n<p>Magdalena Maciudzi\u0144ska-Kamczycka, <em>The 'Purim Miracle&#8217; from Dura Europos synagogue. Representation of the 'Book of Esther&#8217; in ancient Jewish art<\/em>, pp. 9-25 [<a href=\"http:\/\/apcz.umk.pl\/czasopisma\/index.php\/SziK\/article\/view\/18090\">Abstract<\/a>] [<a href=\"http:\/\/apcz.umk.pl\/czasopisma\/index.php\/SziK\/article\/view\/18090\/15746\">PDF<\/a>]<\/p>\n<p>El\u017cbieta Pilecka, <em>Origin of the architectonic form of the Marian church in Gda\u0144sk \u2013 a late-gothic church of the council of Main Town<\/em>, pp. 27-82 [<a href=\"http:\/\/apcz.umk.pl\/czasopisma\/index.php\/SziK\/article\/view\/18093\">Abstract<\/a>] [<a href=\"http:\/\/apcz.umk.pl\/czasopisma\/index.php\/SziK\/article\/view\/18093\/15747\">PDF<\/a>]<\/p>\n<p>Katarzyna Krupska, Bart\u0142omiej \u0141yczak, <em>From guild master to independent craftsman. Life and artistic work of a Toru\u0144 painter Heinrich Christian Serner<\/em>, pp. 83-103 [<a href=\"http:\/\/apcz.umk.pl\/czasopisma\/index.php\/SziK\/article\/view\/18094\">Abstract<\/a>] [<a href=\"http:\/\/apcz.umk.pl\/czasopisma\/index.php\/SziK\/article\/view\/18094\/15748\">PDF<\/a>]<\/p>\n<p>Przemys\u0142aw Waszak, <em>Late Baroque Cathedral of St. Nicolas in Saint Petersburg, Savva Ivanovich Chevakinsky\u2019s work on the break of epochs<\/em>, pp. 105-128 [<a href=\"http:\/\/apcz.umk.pl\/czasopisma\/index.php\/SziK\/article\/view\/18095\">Abstract<\/a>] [<a href=\"http:\/\/apcz.umk.pl\/czasopisma\/index.php\/SziK\/article\/view\/18095\/15749\">PDF<\/a>]<\/p>\n<p>Ryszard M\u0105czy\u0144ski<em>, \u2018Goth needed in Arcadia\u2019. Considerations on the neo-gothic current in the Polish classicist architecture<\/em>, pp. 129-199 [<a href=\"http:\/\/apcz.umk.pl\/czasopisma\/index.php\/SziK\/article\/view\/18096\">Abstract<\/a>] [<a href=\"http:\/\/apcz.umk.pl\/czasopisma\/index.php\/SziK\/article\/view\/18096\/15750\">PDF<\/a>]<\/p>\n<p>Monika Stecyk, <em>Empire wallpapers from the palace of Walewice<\/em>, pp. 201-215 [<a href=\"http:\/\/apcz.umk.pl\/czasopisma\/index.php\/SziK\/article\/view\/18097\">Abstract<\/a>] [<a href=\"http:\/\/apcz.umk.pl\/czasopisma\/index.php\/SziK\/article\/view\/18097\/15751\">PDF<\/a>]<\/p>\n<p>Anna Rudek-\u015amiechowska, <em>Warm days and rainy days. Contribution to the study on the subject of immigration in the light of artists\u2019 utterances<\/em>, pp. 217-242 [<a href=\"http:\/\/apcz.umk.pl\/czasopisma\/index.php\/SziK\/article\/view\/18098\">Abstract<\/a>] [<a href=\"http:\/\/apcz.umk.pl\/czasopisma\/index.php\/SziK\/article\/view\/18098\/15752\">PDF<\/a>]<\/p>\n<p>Jan Wiktor Sienkiewicz, <em>Witold Urbanowicz. Polish Pallottine-artist in Paris<\/em>, pp. 243-266 [<a href=\"http:\/\/apcz.umk.pl\/czasopisma\/index.php\/SziK\/article\/view\/18099\">Abstract<\/a>] [<a href=\"http:\/\/apcz.umk.pl\/czasopisma\/index.php\/SziK\/article\/view\/18099\/15753\">PDF<\/a>]<\/p>\n<p>Sebastian Dudzik, <em>Art and rituals. Koji Kamoji and his visions of the infinite<\/em>, pp. 267-312 [<a href=\"http:\/\/apcz.umk.pl\/czasopisma\/index.php\/SziK\/article\/view\/18100\">Abstract<\/a>] [<a href=\"http:\/\/apcz.umk.pl\/czasopisma\/index.php\/SziK\/article\/view\/18100\/15754\">PDF<\/a>]<\/p>\n<p>\u0141ukasz K\u0119dziora, <em>How to make use of eye tracking in a museum &#8211; admission to discussion<\/em>, pp. 313-339 [<a href=\"http:\/\/apcz.umk.pl\/czasopisma\/index.php\/SziK\/article\/view\/18101\">Abstract<\/a>] [<a href=\"http:\/\/apcz.umk.pl\/czasopisma\/index.php\/SziK\/article\/view\/18101\/15755\">PDF<\/a>]<\/p>\n<p><em>Notes\u00a0on the Authors<\/em>, pp. 341-342 [<a href=\"http:\/\/apcz.umk.pl\/czasopisma\/index.php\/SziK\/article\/view\/18102\/15756\">PDF<\/a>]<\/p>\n<p><img loading=\"lazy\" decoding=\"async\" class=\"alignleft wp-image-100\" src=\"http:\/\/szik.umk.pl\/en\/wp-content\/uploads\/2017\/11\/SiK-3-2015-okladka-215x300.jpg\" alt=\"\" width=\"195\" height=\"272\" \/><\/p>\n<p><strong>\u201eSztuka i Kultura\u201d, vol. 3, 2015:<\/strong><\/p>\n<p>Monika Stecyk, <em>\u2018Daphnis and Chloe\u2019 by Paris Bordon. Mythology and eroticism<\/em>, pp. 7\u201319 [<a href=\"http:\/\/apcz.umk.pl\/czasopisma\/index.php\/SziK\/article\/view\/SZiK.2015.001\" target=\"_blank\" rel=\"noopener\">Abstract<\/a>] [<a href=\"http:\/\/apcz.umk.pl\/czasopisma\/index.php\/SziK\/article\/view\/SZiK.2015.001\/14783\" target=\"_blank\" rel=\"noopener\">PDF<\/a>]<\/p>\n<p>Arkadiusz Wagner, <em>The influence of Albrecht D\u00fcrer on Renaissance bookbinding decoration as exemplified by a volume from the University Library in Pozna\u0144<\/em>, pp. 21\u201333 [<a href=\"http:\/\/apcz.umk.pl\/czasopisma\/index.php\/SziK\/article\/view\/SZiK.2015.002\" target=\"_blank\" rel=\"noopener\">Abstract<\/a>] [<a href=\"http:\/\/apcz.umk.pl\/czasopisma\/index.php\/SziK\/article\/view\/SZiK.2015.002\/14784\" target=\"_blank\" rel=\"noopener\">PDF<\/a>]<\/p>\n<p>Justyna Kowalczyk, <em>Landscape with Infant St. John the Baptist\u2019 \u2013 a Flemish painting in the Museum in Kro\u015bniewice<\/em>, pp. 35\u201339 [<a href=\"http:\/\/apcz.umk.pl\/czasopisma\/index.php\/SziK\/article\/view\/SZiK.2015.003\" target=\"_blank\" rel=\"noopener\">Abstract<\/a>] [<a href=\"http:\/\/apcz.umk.pl\/czasopisma\/index.php\/SziK\/article\/view\/SZiK.2015.003\/14785\" target=\"_blank\" rel=\"noopener\">PDF<\/a>]<\/p>\n<p>Jacek Tylicki, <em>Some paintings by the Gda\u0144sk artist Johann Krieg in Pelplin<\/em>, pp. 41\u201385 [<a href=\"http:\/\/apcz.umk.pl\/czasopisma\/index.php\/SziK\/article\/view\/SZiK.2015.004\" target=\"_blank\" rel=\"noopener\">Abstract<\/a>] [<a href=\"http:\/\/apcz.umk.pl\/czasopisma\/index.php\/SziK\/article\/view\/SZiK.2015.004\/14786\" target=\"_blank\" rel=\"noopener\">PDF<\/a>]<\/p>\n<p>Aleksander Smoli\u0144ski, <em>Buczacz figure of St. John of Nepomuk by Jan Jerzy Pinsel<\/em>, pp. 87\u2013112 [<a href=\"http:\/\/apcz.umk.pl\/czasopisma\/index.php\/SziK\/article\/view\/SZiK.2015.005\" target=\"_blank\" rel=\"noopener\">Abstract<\/a>] [<a href=\"http:\/\/apcz.umk.pl\/czasopisma\/index.php\/SziK\/article\/view\/SZiK.2015.005\/14787\" target=\"_blank\" rel=\"noopener\">PDF<\/a>]<\/p>\n<p>Ryszard M\u0105czy\u0144ski, <em>The palace in Walewice and the palace in Ma\u0142a Wie\u015b: reflections on how \u2013 in the opinion of posterity \u2013 a disciple appropriated the masterpieces of his master, Stanis\u0142aw Zawadzki<\/em>, pp. 113\u2013242 [<a href=\"http:\/\/apcz.umk.pl\/czasopisma\/index.php\/SziK\/article\/view\/SZiK.2015.006\" target=\"_blank\" rel=\"noopener\">Abstract<\/a>] [<a href=\"http:\/\/apcz.umk.pl\/czasopisma\/index.php\/SziK\/article\/view\/SZiK.2015.006\/14788\" target=\"_blank\" rel=\"noopener\">PDF<\/a>]<\/p>\n<p>Emilia Zi\u00f3\u0142kowska, <em>The Warsaw Badeni palace<\/em>, pp. 243\u2013325 [<a href=\"http:\/\/apcz.umk.pl\/czasopisma\/index.php\/SziK\/article\/view\/SZiK.2015.007\" target=\"_blank\" rel=\"noopener\">Abstract<\/a>] [<a href=\"http:\/\/apcz.umk.pl\/czasopisma\/index.php\/SziK\/article\/view\/SZiK.2015.007\/14789\" target=\"_blank\" rel=\"noopener\">PDF<\/a>]<\/p>\n<p>Oleh Rudenko, <em>Unfulfilled dreams of Jan Bo\u0142oz Antoniewicz<\/em>, pp. 327\u2013376 [<a href=\"http:\/\/apcz.umk.pl\/czasopisma\/index.php\/SziK\/article\/view\/SZiK.2015.008\" target=\"_blank\" rel=\"noopener\">Abstract<\/a>] [<a href=\"http:\/\/apcz.umk.pl\/czasopisma\/index.php\/SziK\/article\/view\/SZiK.2015.008\/14790\" target=\"_blank\" rel=\"noopener\">PDF<\/a>]<\/p>\n<p>Samuela S\u0142o\u0144, <em>The new chaos paradigm in life and artistic activity of Andrzej Urbanowicz<\/em>, pp. 377\u2013399 [<a href=\"http:\/\/apcz.umk.pl\/czasopisma\/index.php\/SziK\/article\/view\/SZiK.2015.009\" target=\"_blank\" rel=\"noopener\">Abstract<\/a>] [<a href=\"http:\/\/apcz.umk.pl\/czasopisma\/index.php\/SziK\/article\/view\/SZiK.2015.009\/14791\" target=\"_blank\" rel=\"noopener\">PDF<\/a>]<\/p>\n<p><em>Notes on the authors<\/em>, pp. 401\u2013402 [<a href=\"http:\/\/apcz.umk.pl\/czasopisma\/index.php\/SziK\/article\/view\/16935\/14792\" target=\"_blank\" rel=\"noopener\">PDF<\/a>]<\/p>\n<p><strong><img loading=\"lazy\" decoding=\"async\" class=\"size-medium wp-image-52 alignleft\" src=\"http:\/\/szik.umk.pl\/en\/wp-content\/uploads\/2017\/11\/szik2-204x300.jpg\" alt=\"\" width=\"204\" height=\"300\" srcset=\"https:\/\/szik.umk.pl\/en\/wp-content\/uploads\/2017\/11\/szik2-204x300.jpg 204w, https:\/\/szik.umk.pl\/en\/wp-content\/uploads\/2017\/11\/szik2-768x1130.jpg 768w, https:\/\/szik.umk.pl\/en\/wp-content\/uploads\/2017\/11\/szik2-696x1024.jpg 696w, https:\/\/szik.umk.pl\/en\/wp-content\/uploads\/2017\/11\/szik2.jpg 1200w\" sizes=\"auto, (max-width: 204px) 100vw, 204px\" \/>\u201eSztuka i Kultura\u201d, vol 2, 2014<\/strong><\/p>\n<p>Magdalena Maciudzi\u0144ska-Kamczycka, <em>From Bezalel to Marianos and Hanina \u2013 a picture of an artist in antique Jewish tradition<\/em>, pp. 7<em>\u2013<\/em>46. <a href=\"http:\/\/www.apcz.pl\/czasopisma\/index.php\/SziK\/article\/view\/SZiK.2014.001\" target=\"_blank\" rel=\"noopener\">[Abstract]<\/a>\u00a0<a href=\"http:\/\/www.apcz.pl\/czasopisma\/index.php\/SziK\/article\/view\/SZiK.2014.001\/9337\" target=\"_blank\" rel=\"noopener\">[PDF]<\/a><\/p>\n<p>Przemys\u0142aw Waszak, <em>Gothic \u201cembracing crucifixes\u201d and their wood carved examples from W\u00fcrzburg, Suhl-Heinrichs and Helmstedt<\/em>, pp. 47<em>\u2013<\/em>80. <a href=\"http:\/\/www.apcz.pl\/czasopisma\/index.php\/SziK\/article\/view\/SZiK.2014.002\" target=\"_blank\" rel=\"noopener\">[Abstract]<\/a>\u00a0<a href=\"http:\/\/www.apcz.pl\/czasopisma\/index.php\/SziK\/article\/view\/SZiK.2014.002\/9481\" target=\"_blank\" rel=\"noopener\">[PDF]<\/a><\/p>\n<p>Bart\u0142omiej \u0141yczak, <em>An unknown episode from the biography of an architect Pompeo Ferrari connected with the reconstruction of Toru\u0144 after the siege of 1703<\/em>, pp. 81<em>\u2013<\/em>106. <a href=\"http:\/\/www.apcz.pl\/czasopisma\/index.php\/SziK\/article\/view\/SZiK.2014.003\" target=\"_blank\" rel=\"noopener\">[Abstract]<\/a> <a href=\"http:\/\/www.apcz.pl\/czasopisma\/index.php\/SziK\/article\/view\/SZiK.2014.003\/9482\" target=\"_blank\" rel=\"noopener\">[PDF]<\/a><\/p>\n<p>Katarzyna Krupska, <em>Silver plaques as votive offernings from Toru\u0144 goldsmith Jan Lety\u0144ski\u2019s workshop<\/em>, pp. 107<em>\u2013<\/em>144. <a href=\"http:\/\/www.apcz.pl\/czasopisma\/index.php\/SziK\/article\/view\/SZiK.2014.004\" target=\"_blank\" rel=\"noopener\">[Abstract]<\/a> <a href=\"http:\/\/www.apcz.pl\/czasopisma\/index.php\/SziK\/article\/view\/SZiK.2014.004\/9483\" target=\"_blank\" rel=\"noopener\">[PDF]<\/a><\/p>\n<p>Ryszard M\u0105czy\u0144ski, <em>The conflict between Hilary Szpilowski and Stanis\u0142aw Zawadzki concerning principles of architecture during construction of the Kamieniec Podolski (Kamianets Podilskyi) fortress barracks<\/em>, pp. 145<em>\u2013<\/em>278. <a href=\"http:\/\/www.apcz.pl\/czasopisma\/index.php\/SziK\/article\/view\/SZiK.2014.005\" target=\"_blank\" rel=\"noopener\">[Abstract]<\/a>\u00a0<a href=\"http:\/\/www.apcz.pl\/czasopisma\/index.php\/SziK\/article\/view\/SZiK.2014.005\/9484\" target=\"_blank\" rel=\"noopener\">[PDF]<\/a><\/p>\n<p>Teresa Tylicka, <em>Drawings of Johann Christian Schreiber \u2013 Torunian artist amateur from 18th century<\/em>, pp. 279<em>\u2013<\/em>308. <a href=\"http:\/\/www.apcz.pl\/czasopisma\/index.php\/SziK\/article\/view\/SZiK.2014.006\" target=\"_blank\" rel=\"noopener\">[Abstract]<\/a> <a href=\"http:\/\/www.apcz.pl\/czasopisma\/index.php\/SziK\/article\/view\/SZiK.2014.006\/9485\" target=\"_blank\" rel=\"noopener\">[PDF]<\/a><\/p>\n<p>Irena Kossowska, <em>Schulz\u2019s drawing. Artistic persiflage and relationships<\/em>, pp. 309<em>\u2013<\/em>352. <a href=\"http:\/\/www.apcz.pl\/czasopisma\/index.php\/SziK\/article\/view\/SZiK.2014.007\" target=\"_blank\" rel=\"noopener\">[Abstract]<\/a> <a href=\"http:\/\/www.apcz.pl\/czasopisma\/index.php\/SziK\/article\/view\/SZiK.2014.007\/9486\" target=\"_blank\" rel=\"noopener\">[PDF]<\/a><\/p>\n<p>Jan Wiktor Sienkiewicz, <em>Gino Severini about Polish painting. 70th anniversary of the exhibition of Polish painters-soldiers in Rome in 1944<\/em>, pp. 353<em>\u2013<\/em>368. <a href=\"http:\/\/www.apcz.pl\/czasopisma\/index.php\/SziK\/article\/view\/SZiK.2014.008\" target=\"_blank\" rel=\"noopener\">[Abstract]<\/a> <a href=\"http:\/\/www.apcz.pl\/czasopisma\/index.php\/SziK\/article\/view\/SZiK.2014.008\/9487\" target=\"_blank\" rel=\"noopener\">[PDF]<\/a><\/p>\n<p><em>Notes on the authors<\/em>, pp. 369<em>\u2013<\/em>370. <a href=\"http:\/\/www.apcz.pl\/czasopisma\/index.php\/SziK\/article\/view\/10409\/9488\" target=\"_blank\" rel=\"noopener\">[PDF]<\/a><\/p>\n<p><strong><img loading=\"lazy\" decoding=\"async\" class=\" wp-image-51 alignleft\" src=\"http:\/\/szik.umk.pl\/en\/wp-content\/uploads\/2017\/11\/szik1-210x300.jpg\" alt=\"\" width=\"193\" height=\"275\" srcset=\"https:\/\/szik.umk.pl\/en\/wp-content\/uploads\/2017\/11\/szik1-210x300.jpg 210w, https:\/\/szik.umk.pl\/en\/wp-content\/uploads\/2017\/11\/szik1-768x1097.jpg 768w, https:\/\/szik.umk.pl\/en\/wp-content\/uploads\/2017\/11\/szik1-717x1024.jpg 717w, https:\/\/szik.umk.pl\/en\/wp-content\/uploads\/2017\/11\/szik1.jpg 1200w\" sizes=\"auto, (max-width: 193px) 100vw, 193px\" \/>\u201eSztuka i Kultura\u201d, vol 1, 2013<\/strong><\/p>\n<p>Ryszard M\u0105czy\u0144ski, <em>Editorial<\/em>, pp. 7<em>\u2013<\/em>8. <a href=\"http:\/\/www.apcz.pl\/czasopisma\/index.php\/SziK\/article\/view\/3719\/3670\">[PDF-Polish]<\/a>.<\/p>\n<p>Przemys\u0142aw Waszak, <em>Crucifix on the Tree of Life from dominican church of St. Nicolas in Toru\u0144 \u2013 new look<\/em>, pp. 9<em>\u2013<\/em>36. <a href=\"http:\/\/www.apcz.pl\/czasopisma\/index.php\/SziK\/article\/view\/SZiK.2013.001\">[Abstract]<\/a> <a href=\"http:\/\/www.apcz.pl\/czasopisma\/index.php\/SziK\/article\/view\/SZiK.2013.001\/3671\">[PDF]<\/a><\/p>\n<p>Joanna K\u0142ysz-Hackbarth, <em>A mirror in parergon function and as a place of reflection on the picture subject in an example of \u2018The Arnolfini Marriage\u2019 by Jan van Eyck<\/em>, pp. 37<em>\u2013<\/em>50. <a href=\"http:\/\/www.apcz.pl\/czasopisma\/index.php\/SziK\/article\/view\/SZiK.2013.002\">[Abstract]<\/a> <a href=\"http:\/\/www.apcz.pl\/czasopisma\/index.php\/SziK\/article\/view\/SZiK.2013.002\/3714\">[PDF]<\/a><\/p>\n<p>Jacek Tylicki, <em>Johann Aken \u2013 a forgotten painter of the Baltic region and his works, pp. 51\u201386<\/em>, pp. 51<em>\u2013<\/em>86. <a href=\"http:\/\/www.apcz.pl\/czasopisma\/index.php\/SziK\/article\/view\/SZiK.2013.003\">[Abstract]<\/a> <a href=\"http:\/\/www.apcz.pl\/czasopisma\/index.php\/SziK\/article\/view\/SZiK.2013.003\/3715\">[PDF]<\/a><\/p>\n<p>Tomasz Niklas, <em>Graphic image of St. Elias from the collection of the Carmelite Order in Piasek, Krak\u00f3w<\/em>, pp. 87<em>\u2013<\/em>100. <a href=\"http:\/\/www.apcz.pl\/czasopisma\/index.php\/SziK\/article\/view\/SZiK.2013.004\">[Abstract]<\/a> <a href=\"http:\/\/www.apcz.pl\/czasopisma\/index.php\/SziK\/article\/view\/SZiK.2013.004\/3716\">[PDF]<\/a><\/p>\n<p>Ryszard M\u0105czy\u0144ski, <em>The parish church in Nowy Dw\u00f3r Mazowiecki \u2013 unappreciated masterpiece of Polish classicism<\/em>, pp. 101<em>\u2013<\/em>172.\u00a0<a href=\"http:\/\/www.apcz.pl\/czasopisma\/index.php\/SziK\/article\/view\/SZiK.2013.005\">[Abstract]<\/a> <a href=\"http:\/\/www.apcz.pl\/czasopisma\/index.php\/SziK\/article\/view\/SZiK.2013.005\/3717\">[PDF]<\/a><\/p>\n<p>Barbara Dygda\u0142a-K\u0142osi\u0144ska, <em>Byzantine inspirations in the burial chapel of the Radziwi\u0142\u0142s in Antonin near Ostr\u00f3w Wielkopolski<\/em>, pp. 173<em>\u2013<\/em>204. <a href=\"http:\/\/www.apcz.pl\/czasopisma\/index.php\/SziK\/article\/view\/SZiK.2013.006\">[Abstract]<\/a> <a href=\"http:\/\/www.apcz.pl\/czasopisma\/index.php\/SziK\/article\/view\/SZiK.2013.006\/3718\">[PDF]<\/a><\/p>\n<p>Irena Kossowska, <em>The Paradigm of Style: French sculpture in Warsaw of 1935<\/em>, pp. 205<em>\u2013<\/em>238. <a href=\"http:\/\/www.apcz.pl\/czasopisma\/index.php\/SziK\/article\/view\/SZiK.2013.007\">[Abstract]<\/a> <a href=\"http:\/\/www.apcz.pl\/czasopisma\/index.php\/SziK\/article\/view\/SZiK.2013.007\/3719\">[PDF]<\/a><\/p>\n<p>Jan Wiktor Sienkiewicz, <em>Polish art abroad. Man and silence in painting space of Robert Bluj<\/em>, pp. 239<em>\u2013<\/em>260. <a href=\"http:\/\/www.apcz.pl\/czasopisma\/index.php\/SziK\/article\/view\/SZiK.2013.008\">[Abstract]<\/a> <a href=\"http:\/\/www.apcz.pl\/czasopisma\/index.php\/SziK\/article\/view\/SZiK.2013.008\/3720\">[PDF]<\/a><\/p>\n<p>Marta Smoli\u0144ska, <em>\u2018Alien city\u2019. City in process<\/em>, pp. 261<em>\u2013<\/em>270. <a href=\"http:\/\/www.apcz.pl\/czasopisma\/index.php\/SziK\/article\/view\/SZiK.2013.009\">[Abstract]<\/a> <a href=\"http:\/\/www.apcz.pl\/czasopisma\/index.php\/SziK\/article\/view\/SZiK.2013.009\/3721\">[PDF]<\/a><\/p>\n<p><em>Notes on the authors<\/em>, pp. 271<em>\u2013<\/em>272. <a href=\"http:\/\/www.apcz.pl\/czasopisma\/index.php\/SziK\/article\/view\/3773\/3722\">[PDF]<\/a><\/p>\n","protected":false},"excerpt":{"rendered":"<p>\u00a0 \u201eSztuka i Kultura\u201d, vol. 5, 2017\/2018 Anna B\u0142a\u017cejewska, Gothic sculpture of Crucified Christ from Starogard Gda\u0144ski, pp.\u00a09-52 [PDF] Jacek Tylicki, \u201eQueen of Sheba before Solomon\u201d an unknown painting by Stephan Kessler in the National Museum in Warsaw, pp. 53-71 [PDF] Justyna Kowalczyk, Equipment of post Jesuit church of St. Franciszek Ksawery in Grudzi\u0105dz as <a href=\"https:\/\/szik.umk.pl\/en\/tom-arch\/\" rel=\"nofollow\"><span class=\"sr-only\">Read more about Archival volumes<\/span>[&hellip;]<\/a><\/p>\n","protected":false},"author":1,"featured_media":0,"parent":0,"menu_order":0,"comment_status":"closed","ping_status":"closed","template":"","meta":{"footnotes":"","_links_to":"","_links_to_target":""},"class_list":["post-12","page","type-page","status-publish","hentry"],"_links":{"self":[{"href":"https:\/\/szik.umk.pl\/en\/wp-json\/wp\/v2\/pages\/12","targetHints":{"allow":["GET"]}}],"collection":[{"href":"https:\/\/szik.umk.pl\/en\/wp-json\/wp\/v2\/pages"}],"about":[{"href":"https:\/\/szik.umk.pl\/en\/wp-json\/wp\/v2\/types\/page"}],"author":[{"embeddable":true,"href":"https:\/\/szik.umk.pl\/en\/wp-json\/wp\/v2\/users\/1"}],"replies":[{"embeddable":true,"href":"https:\/\/szik.umk.pl\/en\/wp-json\/wp\/v2\/comments?post=12"}],"version-history":[{"count":17,"href":"https:\/\/szik.umk.pl\/en\/wp-json\/wp\/v2\/pages\/12\/revisions"}],"predecessor-version":[{"id":140,"href":"https:\/\/szik.umk.pl\/en\/wp-json\/wp\/v2\/pages\/12\/revisions\/140"}],"wp:attachment":[{"href":"https:\/\/szik.umk.pl\/en\/wp-json\/wp\/v2\/media?parent=12"}],"curies":[{"name":"wp","href":"https:\/\/api.w.org\/{rel}","templated":true}]}}